{"id":3314,"date":"2025-07-31T12:00:40","date_gmt":"2025-07-31T09:00:40","guid":{"rendered":"https:\/\/lotusgd.com\/our-team\/"},"modified":"2026-03-05T16:51:39","modified_gmt":"2026-03-05T13:51:39","slug":"our-team","status":"publish","type":"page","link":"https:\/\/lotusgd.com\/en\/our-team\/","title":{"rendered":"Our Team"},"content":{"rendered":"\n<div class=\"wp-block-greenshift-blocks-row gspb_row gspb_row-id-gsbp-739eb1a gspb_row--gutter-custom-0\" id=\"gspb_row-id-gsbp-739eb1a\"><div class=\"gspb_row__content\"> \n<div class=\"wp-block-greenshift-blocks-row-column gspb_row__col--6 gspb_col-id-gsbp-acbf67e\" id=\"gspb_col-id-gsbp-acbf67e\">\n<div class=\"wp-block-greenshift-blocks-container gspb_container gspb_container-gsbp-8fc4475 gspb-hoverparent-13\" id=\"gspb_container-id-gsbp-8fc4475\">\n<div class=\"wp-block-greenshift-blocks-container gspb_container gspb_container-gsbp-b1724a0\" id=\"gspb_container-id-gsbp-b1724a0\"><div class=\"ct-block-wrapper\">\n<div class=\"ct-socials-block\" style=\"--theme-icon-color:var(--wp--preset--color--palette-color-8);--theme-icon-hover-color:var(--wp--preset--color--palette-color-8);--background-color:var(--wp--preset--color--palette-color-4);--background-hover-color:var(--wp--preset--color--palette-color-2);\">\n\t\t<div class=\"ct-social-box\" data-color=\"default\" data-icons-type=\"rounded:solid\" >\n\t\t\t\n\t\t\t\n\t\t\t\t\t\t\t\n\t\t\t\t<a href=\"https:\/\/www.google.com\/url?sa=t&#038;source=web&#038;rct=j&#038;opi=89978449&#038;url=https:\/\/tr.linkedin.com\/in\/k%25C4%25B1van%25C3%25A7-k%25C4%25B1lvan-900345169&#038;ved=2ahUKEwiDir_V9eSOAxWqgP0HHbO9Nf8QFnoECBUQAQ&#038;usg=AOvVaw0Hbz5xREEAdGGy6WQjk9G-\" data-network=\"linkedin\" aria-label=\"LinkedIn\" target=\"_blank\" rel=\"noopener noreferrer\">\n\t\t\t\t\t<span class=\"ct-icon-container\">\n\t\t\t\t\t<svg\n\t\t\t\t\twidth=\"20px\"\n\t\t\t\t\theight=\"20px\"\n\t\t\t\t\tviewBox=\"0 0 20 20\"\n\t\t\t\t\taria-hidden=\"true\">\n\t\t\t\t\t\t<path d=\"M18.6,0H1.4C0.6,0,0,0.6,0,1.4v17.1C0,19.4,0.6,20,1.4,20h17.1c0.8,0,1.4-0.6,1.4-1.4V1.4C20,0.6,19.4,0,18.6,0z M6,17.1h-3V7.6h3L6,17.1L6,17.1zM4.6,6.3c-1,0-1.7-0.8-1.7-1.7s0.8-1.7,1.7-1.7c0.9,0,1.7,0.8,1.7,1.7C6.3,5.5,5.5,6.3,4.6,6.3z M17.2,17.1h-3v-4.6c0-1.1,0-2.5-1.5-2.5c-1.5,0-1.8,1.2-1.8,2.5v4.7h-3V7.6h2.8v1.3h0c0.4-0.8,1.4-1.5,2.8-1.5c3,0,3.6,2,3.6,4.5V17.1z\"\/>\n\t\t\t\t\t<\/svg>\n\t\t\t\t<\/span>\t\t\t\t<\/a>\n\t\t\t\n\t\t\t\n\t\t\t\t\t<\/div>\n\n\t<\/div>\n<\/div><\/div>\n<\/div>\n\n\n\n<h4 id=\"gspb_heading-id-gsbp-c1d297d\" class=\"gspb_heading gspb_heading-id-gsbp-c1d297d \">Mustafa K\u0131van\u00e7 K\u0131lvan<\/h4>\n\n\n\n<div id=\"gspb_text-id-gsbp-83d9299\" class=\"gspb_text gspb_text-id-gsbp-83d9299 \">Chairman of the Board and General Manager<\/div>\n\n\n\n<div id=\"gspb_text-id-gsbp-485b043\" class=\"gspb_text gspb_text-id-gsbp-485b043 \"><em>K\u0131van\u00e7 K\u0131lvan, who has continued his work at our company as a Responsible Valuation Expert since 2005, currently serves as the Chairman of the Board and General Manager.<\/em><\/div>\n<\/div>\n\n\n\n<div class=\"wp-block-greenshift-blocks-row-column gspb_row__col--6 gspb_row__col--md-12 gspb_col-id-gsbp-1796002\" id=\"gspb_col-id-gsbp-1796002\">\n<h2 id=\"gspb_heading-id-gsbp-066172a\" class=\"gspb_heading gspb_heading-id-gsbp-066172a \">Chairman&#8217;s Message<\/h2>\n\n\n\n<div id=\"gspb_text-id-gsbp-d531e59\" class=\"gspb_text gspb_text-id-gsbp-d531e59 \">We are at your service with our professional, young, and dynamic team.<br\/>Lotus Gayrimenkul De\u011ferleme ve Dan\u0131\u015fmanl\u0131k A.\u015e., registered on January 10, 2005, was listed in the SPK Board records on April 07, 2005. Our company also holds the distinction of being the first company authorized for Valuation by the BDDK&#8217;s decision dated March 12, 2009, and numbered 3073.<br\/>As of February 2017, our company has undergone a new restructuring with the participation of our experienced, young, and dynamic team in the partnership structure, and continues to provide uninterrupted service to new individuals and institutions in our growing portfolio, in addition to our existing clients.<\/div>\n<\/div>\n <\/div><\/div>\n\n<div class=\"wp-block-greenshift-blocks-row gspb_row gspb_row-id-gsbp-99a3765 gspb_row--gutter-custom-0\" id=\"gspb_row-id-gsbp-99a3765\"><div class=\"gspb_row__content\"> \n<div class=\"wp-block-greenshift-blocks-row-column gspb_row__col--3 gspb_col-id-gsbp-b310ef9\" id=\"gspb_col-id-gsbp-b310ef9\">\n<div class=\"wp-block-greenshift-blocks-container gspb_container gspb_container-gsbp-bd124c9 gspb-hoverparent-13\" id=\"gspb_container-id-gsbp-bd124c9\">\n<div class=\"wp-block-greenshift-blocks-container gspb_container gspb_container-gsbp-e529b0c\" id=\"gspb_container-id-gsbp-e529b0c\"><\/div>\n<\/div>\n\n\n\n<h4 id=\"gspb_heading-id-gsbp-872a8cb\" class=\"gspb_heading gspb_heading-id-gsbp-872a8cb \">Cem G\u00fcl<\/h4>\n\n\n\n<div id=\"gspb_text-id-gsbp-3e9149d\" class=\"gspb_text gspb_text-id-gsbp-3e9149d \">Valuation Expert \/ Company Partner<\/div>\n<\/div>\n\n\n\n<div class=\"wp-block-greenshift-blocks-row-column gspb_row__col--3 gspb_col-id-gsbp-fe16979\" id=\"gspb_col-id-gsbp-fe16979\">\n<div class=\"wp-block-greenshift-blocks-container gspb_container gspb_container-gsbp-24a331f gspb-hoverparent-13\" id=\"gspb_container-id-gsbp-24a331f\">\n<div class=\"wp-block-greenshift-blocks-container gspb_container gspb_container-gsbp-0555a1c\" id=\"gspb_container-id-gsbp-0555a1c\"><div class=\"ct-block-wrapper\">\n<div class=\"ct-socials-block\" style=\"--theme-icon-color:var(--wp--preset--color--palette-color-8);--theme-icon-hover-color:var(--wp--preset--color--palette-color-8);--background-color:var(--wp--preset--color--palette-color-4);--background-hover-color:var(--wp--preset--color--palette-color-2);\">\n\t\t<div class=\"ct-social-box\" data-color=\"default\" data-icons-type=\"rounded:solid\" >\n\t\t\t\n\t\t\t\n\t\t\t\t\t\t\t\n\t\t\t\t<a href=\"https:\/\/www.linkedin.com\/in\/ercan-me%C5%9Fe-929659134\/\" data-network=\"linkedin\" aria-label=\"LinkedIn\" target=\"_blank\" rel=\"noopener noreferrer\">\n\t\t\t\t\t<span class=\"ct-icon-container\">\n\t\t\t\t\t<svg\n\t\t\t\t\twidth=\"20px\"\n\t\t\t\t\theight=\"20px\"\n\t\t\t\t\tviewBox=\"0 0 20 20\"\n\t\t\t\t\taria-hidden=\"true\">\n\t\t\t\t\t\t<path d=\"M18.6,0H1.4C0.6,0,0,0.6,0,1.4v17.1C0,19.4,0.6,20,1.4,20h17.1c0.8,0,1.4-0.6,1.4-1.4V1.4C20,0.6,19.4,0,18.6,0z M6,17.1h-3V7.6h3L6,17.1L6,17.1zM4.6,6.3c-1,0-1.7-0.8-1.7-1.7s0.8-1.7,1.7-1.7c0.9,0,1.7,0.8,1.7,1.7C6.3,5.5,5.5,6.3,4.6,6.3z M17.2,17.1h-3v-4.6c0-1.1,0-2.5-1.5-2.5c-1.5,0-1.8,1.2-1.8,2.5v4.7h-3V7.6h2.8v1.3h0c0.4-0.8,1.4-1.5,2.8-1.5c3,0,3.6,2,3.6,4.5V17.1z\"\/>\n\t\t\t\t\t<\/svg>\n\t\t\t\t<\/span>\t\t\t\t<\/a>\n\t\t\t\n\t\t\t\n\t\t\t\t\t<\/div>\n\n\t<\/div>\n<\/div><\/div>\n<\/div>\n\n\n\n<h4 id=\"gspb_heading-id-gsbp-a90c064\" class=\"gspb_heading gspb_heading-id-gsbp-a90c064 \">Ercan Me\u015fe<\/h4>\n\n\n\n<div id=\"gspb_text-id-gsbp-d0df8a6\" class=\"gspb_text gspb_text-id-gsbp-d0df8a6 \">Valuation Expert \/ Company Partner<\/div>\n<\/div>\n\n\n\n<div class=\"wp-block-greenshift-blocks-row-column gspb_row__col--3 gspb_col-id-gsbp-e402d1a\" id=\"gspb_col-id-gsbp-e402d1a\">\n<div class=\"wp-block-greenshift-blocks-container gspb_container gspb_container-gsbp-4268da7 gspb-hoverparent-13\" id=\"gspb_container-id-gsbp-4268da7\">\n<div class=\"wp-block-greenshift-blocks-container gspb_container gspb_container-gsbp-a8d2746\" id=\"gspb_container-id-gsbp-a8d2746\"><div class=\"ct-block-wrapper\">\n<div class=\"ct-socials-block\" style=\"--theme-icon-color:var(--wp--preset--color--palette-color-8);--theme-icon-hover-color:var(--wp--preset--color--palette-color-8);--background-color:var(--wp--preset--color--palette-color-4);--background-hover-color:var(--wp--preset--color--palette-color-2);\">\n\t\t<div class=\"ct-social-box\" data-color=\"default\" data-icons-type=\"rounded:solid\" >\n\t\t\t\n\t\t\t\n\t\t\t\t\t\t\t\n\t\t\t\t<a href=\"https:\/\/www.linkedin.com\/in\/engin-akdeniz-4b4a42a8\/\" data-network=\"linkedin\" aria-label=\"LinkedIn\" target=\"_blank\" rel=\"noopener noreferrer\">\n\t\t\t\t\t<span class=\"ct-icon-container\">\n\t\t\t\t\t<svg\n\t\t\t\t\twidth=\"20px\"\n\t\t\t\t\theight=\"20px\"\n\t\t\t\t\tviewBox=\"0 0 20 20\"\n\t\t\t\t\taria-hidden=\"true\">\n\t\t\t\t\t\t<path d=\"M18.6,0H1.4C0.6,0,0,0.6,0,1.4v17.1C0,19.4,0.6,20,1.4,20h17.1c0.8,0,1.4-0.6,1.4-1.4V1.4C20,0.6,19.4,0,18.6,0z M6,17.1h-3V7.6h3L6,17.1L6,17.1zM4.6,6.3c-1,0-1.7-0.8-1.7-1.7s0.8-1.7,1.7-1.7c0.9,0,1.7,0.8,1.7,1.7C6.3,5.5,5.5,6.3,4.6,6.3z M17.2,17.1h-3v-4.6c0-1.1,0-2.5-1.5-2.5c-1.5,0-1.8,1.2-1.8,2.5v4.7h-3V7.6h2.8v1.3h0c0.4-0.8,1.4-1.5,2.8-1.5c3,0,3.6,2,3.6,4.5V17.1z\"\/>\n\t\t\t\t\t<\/svg>\n\t\t\t\t<\/span>\t\t\t\t<\/a>\n\t\t\t\n\t\t\t\n\t\t\t\t\t<\/div>\n\n\t<\/div>\n<\/div><\/div>\n<\/div>\n\n\n\n<h4 id=\"gspb_heading-id-gsbp-f7b77ae\" class=\"gspb_heading gspb_heading-id-gsbp-f7b77ae \">Engin Akdeniz<\/h4>\n\n\n\n<div id=\"gspb_text-id-gsbp-27750d5\" class=\"gspb_text gspb_text-id-gsbp-27750d5 \">Board Member<\/div>\n<\/div>\n\n\n\n<div class=\"wp-block-greenshift-blocks-row-column gspb_row__col--3 gspb_col-id-gsbp-7651609\" id=\"gspb_col-id-gsbp-7651609\">\n<div class=\"wp-block-greenshift-blocks-container gspb_container gspb_container-gsbp-28ff721 gspb-hoverparent-13\" id=\"gspb_container-id-gsbp-28ff721\">\n<div class=\"wp-block-greenshift-blocks-container gspb_container gspb_container-gsbp-10d9b1a\" id=\"gspb_container-id-gsbp-10d9b1a\"><div class=\"ct-block-wrapper\">\n<div class=\"ct-socials-block\" style=\"--theme-icon-color:var(--wp--preset--color--palette-color-8);--theme-icon-hover-color:var(--wp--preset--color--palette-color-8);--background-color:var(--wp--preset--color--palette-color-4);--background-hover-color:var(--wp--preset--color--palette-color-2);\">\n\t\t<div class=\"ct-social-box\" data-color=\"default\" data-icons-type=\"rounded:solid\" >\n\t\t\t\n\t\t\t\n\t\t\t\t\t\t\t\n\t\t\t\t<a href=\"https:\/\/www.linkedin.com\/in\/uygar-tost-06515952\/\" data-network=\"linkedin\" aria-label=\"LinkedIn\" target=\"_blank\" rel=\"noopener noreferrer\">\n\t\t\t\t\t<span class=\"ct-icon-container\">\n\t\t\t\t\t<svg\n\t\t\t\t\twidth=\"20px\"\n\t\t\t\t\theight=\"20px\"\n\t\t\t\t\tviewBox=\"0 0 20 20\"\n\t\t\t\t\taria-hidden=\"true\">\n\t\t\t\t\t\t<path d=\"M18.6,0H1.4C0.6,0,0,0.6,0,1.4v17.1C0,19.4,0.6,20,1.4,20h17.1c0.8,0,1.4-0.6,1.4-1.4V1.4C20,0.6,19.4,0,18.6,0z M6,17.1h-3V7.6h3L6,17.1L6,17.1zM4.6,6.3c-1,0-1.7-0.8-1.7-1.7s0.8-1.7,1.7-1.7c0.9,0,1.7,0.8,1.7,1.7C6.3,5.5,5.5,6.3,4.6,6.3z M17.2,17.1h-3v-4.6c0-1.1,0-2.5-1.5-2.5c-1.5,0-1.8,1.2-1.8,2.5v4.7h-3V7.6h2.8v1.3h0c0.4-0.8,1.4-1.5,2.8-1.5c3,0,3.6,2,3.6,4.5V17.1z\"\/>\n\t\t\t\t\t<\/svg>\n\t\t\t\t<\/span>\t\t\t\t<\/a>\n\t\t\t\n\t\t\t\n\t\t\t\t\t<\/div>\n\n\t<\/div>\n<\/div><\/div>\n<\/div>\n\n\n\n<h4 id=\"gspb_heading-id-gsbp-78fc819\" class=\"gspb_heading gspb_heading-id-gsbp-78fc819 \">Uygar Tost<\/h4>\n\n\n\n<div id=\"gspb_text-id-gsbp-d583ac2\" class=\"gspb_text gspb_text-id-gsbp-d583ac2 \">Vice Chairman of the Board<\/div>\n<\/div>\n <\/div><\/div>\n","protected":false},"excerpt":{"rendered":"","protected":false},"author":1,"featured_media":0,"parent":0,"menu_order":0,"comment_status":"closed","ping_status":"closed","template":"","meta":{"_gspb_post_css":"#gspb_row-id-gsbp-739eb1a{justify-content:space-between;display:flex;flex-wrap:wrap;margin-top:200px;margin-bottom:120px}#gspb_row-id-gsbp-739eb1a>.gspb_row__content{display:flex;justify-content:space-between;margin:0 auto;width:100%;flex-wrap:wrap;row-gap:60px}div[id^=gspb_col-id]{box-sizing:border-box;position:relative;padding:var(--gs-row-column-padding, 15px min(3vw, 20px))}body.gspb-bodyfront #gspb_row-id-gsbp-739eb1a>.gspb_row__content{width:var(--theme-container-width, 1200px);max-width:var(--theme-normal-container-max-width, 1200px)}@media (max-width:991.98px){#gspb_row-id-gsbp-739eb1a{margin-bottom:80px}}@media (max-width:575.98px){#gspb_row-id-gsbp-739eb1a{margin-bottom:60px}}#gspb_col-id-gsbp-acbf67e.gspb_row__col--6{width:calc(50% - 25px)}@media (max-width:991.98px){#gspb_col-id-gsbp-acbf67e.gspb_row__col--6{width:calc(50% - 17.5px)}}@media (max-width:767.98px){#gspb_col-id-gsbp-acbf67e.gspb_row__col--6{width:calc(50% - 17.5px)}}@media (max-width:575.98px){#gspb_col-id-gsbp-acbf67e.gspb_row__col--6{width:100%}}@media (min-width:576px) and (max-width:991.98px){body.gspb-bodyfront #gspb_col-id-gsbp-acbf67e.gspb_row__col--6{width:calc(50% - 0px - 17.5px)}}.gspb_row #gspb_col-id-gsbp-acbf67e.gspb_row__col--6{padding:0}.gspb_container-id-gsbp-8fc4475,.gspb_container-id-gsbp-b1724a0{flex-direction:column;box-sizing:border-box}#gspb_container-id-gsbp-0555a1c.gspb_container>p:last-of-type,#gspb_container-id-gsbp-10d9b1a.gspb_container>p:last-of-type,#gspb_container-id-gsbp-24a331f.gspb_container>p:last-of-type,#gspb_container-id-gsbp-28ff721.gspb_container>p:last-of-type,#gspb_container-id-gsbp-4268da7.gspb_container>p:last-of-type,#gspb_container-id-gsbp-8fc4475.gspb_container>p:last-of-type,#gspb_container-id-gsbp-a8d2746.gspb_container>p:last-of-type,#gspb_container-id-gsbp-b1724a0.gspb_container>p:last-of-type,#gspb_container-id-gsbp-bd124c9.gspb_container>p:last-of-type,#gspb_container-id-gsbp-e529b0c.gspb_container>p:last-of-type{margin-bottom:0}#gspb_container-id-gsbp-8fc4475.gspb_container{position:relative;display:flex;flex-direction:column;justify-content:flex-end;margin-bottom:30px;padding:25px;overflow:hidden;background-size:cover;background-repeat:no-repeat;background-position:47% 40%;background-image:url(http:\/\/lotusgd.com\/wp-content\/uploads\/2025\/07\/01-Mustafa_Kivanc_Kilvan-featured.jpg);height:410px}#gspb_container-id-gsbp-8fc4475.gspb_container,#gspb_container-id-gsbp-8fc4475.gspb_container>.gspb_backgroundOverlay{border-top-left-radius:30px;border-top-right-radius:30px;border-bottom-right-radius:30px;border-bottom-left-radius:30px}#gspb_container-id-gsbp-8fc4475.gspb_container:hover{background-size:cover}#gspb_container-id-gsbp-b1724a0.gspb_container{position:relative;display:flex;justify-content:center;transition:all .2s ease;transform:translateY(10px);opacity:0}@media (max-width:991.98px){#gspb_container-id-gsbp-b1724a0.gspb_container{transform:translateY(0);opacity:1}}.gspb-hoverparent-13:hover #gspb_container-id-gsbp-0555a1c.gspb_container,.gspb-hoverparent-13:hover #gspb_container-id-gsbp-10d9b1a.gspb_container,.gspb-hoverparent-13:hover #gspb_container-id-gsbp-a8d2746.gspb_container,.gspb-hoverparent-13:hover #gspb_container-id-gsbp-b1724a0.gspb_container,.gspb-hoverparent-13:hover #gspb_container-id-gsbp-e529b0c.gspb_container{transform:translateY(0);opacity:1}#gspb_heading-id-gsbp-c1d297d{font-size:20px}@media (max-width:991.98px){#gspb_heading-id-gsbp-c1d297d,#gspb_heading-id-gsbp-c1d297d .gsap-g-line{text-align:center!important}}#gspb_heading-id-gsbp-c1d297d{margin-top:0;margin-bottom:5px}@media (max-width:991.98px){.gspb_text-id-gsbp-83d9299,.gspb_text-id-gsbp-83d9299 .gsap-g-line{text-align:center!important}}.gspb_text-id-gsbp-485b043{font-size:15px}@media (max-width:991.98px){.gspb_text-id-gsbp-485b043,.gspb_text-id-gsbp-485b043 .gsap-g-line{text-align:center!important}}.gspb_text-id-gsbp-485b043{margin-top:15px!important}#gspb_col-id-gsbp-1796002.gspb_row__col--6{width:calc(50% - 50px)}@media (max-width:991.98px){#gspb_col-id-gsbp-1796002.gspb_row__col--6{width:100%}}@media (max-width:767.98px){#gspb_col-id-gsbp-1796002.gspb_row__col--6{width:calc(100% - 50px)}}@media (max-width:575.98px){#gspb_col-id-gsbp-1796002.gspb_row__col--6{width:100%}}.gspb_row #gspb_col-id-gsbp-1796002.gspb_row__col--6,.gspb_row #gspb_col-id-gsbp-b310ef9.gspb_row__col--3{padding:0}#gspb_heading-id-gsbp-066172a{font-size:50px;line-height:1.3em}@media (max-width:991.98px){#gspb_heading-id-gsbp-066172a{font-size:35px}}@media (max-width:575.98px){#gspb_heading-id-gsbp-066172a{font-size:30px}}@media (max-width:991.98px){#gspb_heading-id-gsbp-066172a,#gspb_heading-id-gsbp-066172a .gsap-g-line{text-align:center!important}}#gspb_heading-id-gsbp-066172a{margin-top:0;margin-bottom:20px}.gspb_text-id-gsbp-d531e59{font-size:20px}@media (max-width:991.98px){.gspb_text-id-gsbp-d531e59{font-size:18px}.gspb_text-id-gsbp-d531e59,.gspb_text-id-gsbp-d531e59 .gsap-g-line{text-align:center!important}}#gspb_row-id-gsbp-99a3765{justify-content:space-between;margin-top:0;display:flex;flex-wrap:wrap;margin-bottom:120px}#gspb_row-id-gsbp-99a3765>.gspb_row__content{display:flex;justify-content:space-between;margin:0 auto;width:100%;flex-wrap:wrap;row-gap:60px}.gspb_row{position:relative}body.gspb-bodyfront #gspb_row-id-gsbp-99a3765>.gspb_row__content{width:var(--theme-container-width, 1200px);max-width:var(--theme-normal-container-max-width, 1200px)}@media (max-width:991.98px){#gspb_row-id-gsbp-99a3765{margin-bottom:80px}}@media (max-width:575.98px){#gspb_row-id-gsbp-99a3765{margin-bottom:60px}}#gspb_col-id-gsbp-b310ef9.gspb_row__col--3{width:calc(25% - 25px)}@media (max-width:991.98px){#gspb_col-id-gsbp-b310ef9.gspb_row__col--3{width:calc(25% - 17.5px)}}@media (max-width:767.98px){#gspb_col-id-gsbp-b310ef9.gspb_row__col--3{width:calc(25% - 17.5px)}}@media (max-width:575.98px){#gspb_col-id-gsbp-b310ef9.gspb_row__col--3{width:100%}}@media (min-width:576px) and (max-width:991.98px){body.gspb-bodyfront #gspb_col-id-gsbp-b310ef9.gspb_row__col--3{width:calc(50% - 0px - 17.5px)}}.gspb_container-id-gsbp-bd124c9,.gspb_container-id-gsbp-e529b0c{flex-direction:column;box-sizing:border-box}#gspb_container-id-gsbp-bd124c9.gspb_container{position:relative;display:flex;flex-direction:column;justify-content:flex-end;margin-bottom:30px;padding:25px;overflow:hidden;background-size:cover;background-repeat:no-repeat;background-position:50% 48%;background-image:url(http:\/\/lotusgd.com\/wp-content\/uploads\/2025\/07\/05-Cem_Gul.jpg);height:410px}#gspb_container-id-gsbp-bd124c9.gspb_container,#gspb_container-id-gsbp-bd124c9.gspb_container>.gspb_backgroundOverlay{border-top-left-radius:30px;border-top-right-radius:30px;border-bottom-right-radius:30px;border-bottom-left-radius:30px}#gspb_container-id-gsbp-bd124c9.gspb_container:hover{background-size:cover}#gspb_container-id-gsbp-e529b0c.gspb_container{position:relative;display:flex;justify-content:center;transition:all .2s ease;transform:translateY(10px);opacity:0}@media (max-width:991.98px){#gspb_container-id-gsbp-e529b0c.gspb_container{transform:translateY(0);opacity:1}}#gspb_heading-id-gsbp-872a8cb{font-size:20px}@media (max-width:991.98px){#gspb_heading-id-gsbp-872a8cb,#gspb_heading-id-gsbp-872a8cb .gsap-g-line{text-align:center!important}}#gspb_heading-id-gsbp-872a8cb{margin-top:0;margin-bottom:5px}@media (max-width:991.98px){.gspb_text-id-gsbp-3e9149d,.gspb_text-id-gsbp-3e9149d .gsap-g-line{text-align:center!important}}#gspb_col-id-gsbp-fe16979.gspb_row__col--3{width:calc(25% - 25px)}@media (max-width:991.98px){#gspb_col-id-gsbp-fe16979.gspb_row__col--3{width:calc(25% - 17.5px)}}@media (max-width:767.98px){#gspb_col-id-gsbp-fe16979.gspb_row__col--3{width:calc(25% - 17.5px)}}@media (max-width:575.98px){#gspb_col-id-gsbp-fe16979.gspb_row__col--3{width:100%}}@media (min-width:576px) and (max-width:991.98px){body.gspb-bodyfront #gspb_col-id-gsbp-fe16979.gspb_row__col--3{width:calc(50% - 0px - 17.5px)}}.gspb_row #gspb_col-id-gsbp-fe16979.gspb_row__col--3{padding:0}.gspb_container-id-gsbp-0555a1c,.gspb_container-id-gsbp-24a331f{flex-direction:column;box-sizing:border-box}#gspb_container-id-gsbp-24a331f.gspb_container{position:relative;display:flex;flex-direction:column;justify-content:flex-end;margin-bottom:30px;padding:25px;overflow:hidden;background-size:cover;background-repeat:no-repeat;background-image:url(http:\/\/lotusgd.com\/wp-content\/uploads\/2025\/07\/04-Ercan_Mese-featured2.jpg);height:410px}#gspb_container-id-gsbp-24a331f.gspb_container,#gspb_container-id-gsbp-24a331f.gspb_container>.gspb_backgroundOverlay{border-top-left-radius:30px;border-top-right-radius:30px;border-bottom-right-radius:30px;border-bottom-left-radius:30px}#gspb_container-id-gsbp-24a331f.gspb_container:hover{background-size:cover}#gspb_container-id-gsbp-0555a1c.gspb_container{position:relative;display:flex;justify-content:center;transition:all .2s ease;transform:translateY(10px);opacity:0}@media (max-width:991.98px){#gspb_container-id-gsbp-0555a1c.gspb_container{transform:translateY(0);opacity:1}}#gspb_heading-id-gsbp-a90c064{font-size:20px}@media (max-width:991.98px){#gspb_heading-id-gsbp-a90c064,#gspb_heading-id-gsbp-a90c064 .gsap-g-line{text-align:center!important}}#gspb_heading-id-gsbp-a90c064{margin-top:0;margin-bottom:5px}@media (max-width:991.98px){.gspb_text-id-gsbp-d0df8a6,.gspb_text-id-gsbp-d0df8a6 .gsap-g-line{text-align:center!important}}#gspb_col-id-gsbp-e402d1a.gspb_row__col--3{width:calc(25% - 25px)}@media (max-width:991.98px){#gspb_col-id-gsbp-e402d1a.gspb_row__col--3{width:calc(25% - 17.5px)}}@media (max-width:767.98px){#gspb_col-id-gsbp-e402d1a.gspb_row__col--3{width:calc(25% - 17.5px)}}@media (max-width:575.98px){#gspb_col-id-gsbp-e402d1a.gspb_row__col--3{width:100%}}@media (min-width:576px) and (max-width:991.98px){body.gspb-bodyfront #gspb_col-id-gsbp-e402d1a.gspb_row__col--3{width:calc(50% - 0px - 17.5px)}}.gspb_row #gspb_col-id-gsbp-e402d1a.gspb_row__col--3{padding:0}.gspb_container-id-gsbp-4268da7,.gspb_container-id-gsbp-a8d2746{flex-direction:column;box-sizing:border-box}#gspb_container-id-gsbp-4268da7.gspb_container{position:relative;display:flex;flex-direction:column;justify-content:flex-end;margin-bottom:30px;padding:25px;overflow:hidden;background-size:cover;background-repeat:no-repeat;background-position:58% 52%;background-image:url(http:\/\/lotusgd.com\/wp-content\/uploads\/2025\/07\/03-Engin_Akdeniz-featured.jpg);height:410px}#gspb_container-id-gsbp-4268da7.gspb_container,#gspb_container-id-gsbp-4268da7.gspb_container>.gspb_backgroundOverlay{border-top-left-radius:30px;border-top-right-radius:30px;border-bottom-right-radius:30px;border-bottom-left-radius:30px}#gspb_container-id-gsbp-4268da7.gspb_container:hover{background-size:cover}#gspb_container-id-gsbp-a8d2746.gspb_container{position:relative;display:flex;justify-content:center;transition:all .2s ease;transform:translateY(10px);opacity:0}@media (max-width:991.98px){#gspb_container-id-gsbp-a8d2746.gspb_container{transform:translateY(0);opacity:1}}#gspb_heading-id-gsbp-f7b77ae{font-size:20px}@media (max-width:991.98px){#gspb_heading-id-gsbp-f7b77ae,#gspb_heading-id-gsbp-f7b77ae .gsap-g-line{text-align:center!important}}#gspb_heading-id-gsbp-f7b77ae{margin-top:0;margin-bottom:5px}@media (max-width:991.98px){.gspb_text-id-gsbp-27750d5,.gspb_text-id-gsbp-27750d5 .gsap-g-line{text-align:center!important}}.gspb_text-id-gsbp-27750d5{margin-bottom:0!important}#gspb_col-id-gsbp-7651609.gspb_row__col--3{width:calc(25% - 25px)}@media (max-width:991.98px){#gspb_col-id-gsbp-7651609.gspb_row__col--3{width:calc(25% - 17.5px)}}@media (max-width:767.98px){#gspb_col-id-gsbp-7651609.gspb_row__col--3{width:calc(25% - 17.5px)}}@media (max-width:575.98px){#gspb_col-id-gsbp-7651609.gspb_row__col--3{width:100%}}@media (min-width:576px) and (max-width:991.98px){body.gspb-bodyfront #gspb_col-id-gsbp-7651609.gspb_row__col--3{width:calc(50% - 0px - 17.5px)}}.gspb_row #gspb_col-id-gsbp-7651609.gspb_row__col--3{padding:0}.gspb_container-id-gsbp-10d9b1a,.gspb_container-id-gsbp-28ff721{flex-direction:column;box-sizing:border-box}#gspb_container-id-gsbp-28ff721.gspb_container{position:relative;display:flex;flex-direction:column;justify-content:flex-end;margin-bottom:30px;padding:25px;overflow:hidden;background-size:cover;background-repeat:no-repeat;background-position:52% 51%;background-image:url(http:\/\/lotusgd.com\/wp-content\/uploads\/2025\/07\/01-Uygar_Tost-featured.jpg);height:410px}#gspb_container-id-gsbp-28ff721.gspb_container,#gspb_container-id-gsbp-28ff721.gspb_container>.gspb_backgroundOverlay{border-top-left-radius:30px;border-top-right-radius:30px;border-bottom-right-radius:30px;border-bottom-left-radius:30px}#gspb_container-id-gsbp-28ff721.gspb_container:hover{background-size:cover}#gspb_container-id-gsbp-10d9b1a.gspb_container{position:relative;display:flex;justify-content:center;transition:all .2s ease;transform:translateY(10px);opacity:0}@media (max-width:991.98px){#gspb_container-id-gsbp-10d9b1a.gspb_container{transform:translateY(0);opacity:1}}#gspb_heading-id-gsbp-78fc819{font-size:20px}@media (max-width:991.98px){#gspb_heading-id-gsbp-78fc819,#gspb_heading-id-gsbp-78fc819 .gsap-g-line{text-align:center!important}}#gspb_heading-id-gsbp-78fc819{margin-top:0;margin-bottom:5px}@media (max-width:991.98px){.gspb_text-id-gsbp-d583ac2,.gspb_text-id-gsbp-d583ac2 .gsap-g-line{text-align:center!important}}","footnotes":""},"class_list":["post-3314","page","type-page","status-publish","hentry"],"blocksy_meta":{"has_hero_section":"disabled","vertical_spacing_source":"custom","content_area_spacing":"none","styles_descriptor":{"styles":{"desktop":"","tablet":"","mobile":""},"google_fonts":[],"version":6}},"_links":{"self":[{"href":"https:\/\/lotusgd.com\/en\/wp-json\/wp\/v2\/pages\/3314","targetHints":{"allow":["GET"]}}],"collection":[{"href":"https:\/\/lotusgd.com\/en\/wp-json\/wp\/v2\/pages"}],"about":[{"href":"https:\/\/lotusgd.com\/en\/wp-json\/wp\/v2\/types\/page"}],"author":[{"embeddable":true,"href":"https:\/\/lotusgd.com\/en\/wp-json\/wp\/v2\/users\/1"}],"replies":[{"embeddable":true,"href":"https:\/\/lotusgd.com\/en\/wp-json\/wp\/v2\/comments?post=3314"}],"version-history":[{"count":2,"href":"https:\/\/lotusgd.com\/en\/wp-json\/wp\/v2\/pages\/3314\/revisions"}],"predecessor-version":[{"id":3316,"href":"https:\/\/lotusgd.com\/en\/wp-json\/wp\/v2\/pages\/3314\/revisions\/3316"}],"wp:attachment":[{"href":"https:\/\/lotusgd.com\/en\/wp-json\/wp\/v2\/media?parent=3314"}],"curies":[{"name":"wp","href":"https:\/\/api.w.org\/{rel}","templated":true}]}}