{"id":3235,"date":"2025-03-04T09:14:56","date_gmt":"2025-03-04T06:14:56","guid":{"rendered":"https:\/\/lotusgd.com\/contact\/"},"modified":"2026-03-05T17:13:12","modified_gmt":"2026-03-05T14:13:12","slug":"contact","status":"publish","type":"page","link":"https:\/\/lotusgd.com\/en\/contact\/","title":{"rendered":"Contact"},"content":{"rendered":"\n<h2 id=\"gspb_heading-id-gsbp-2401950\" class=\"gspb_heading gspb_heading-id-gsbp-2401950 \">Contact Information<\/h2>\n\n\n\n<div class=\"wp-block-greenshift-blocks-row gspb_row gspb_row-id-gsbp-42e17dd gspb_row--gutter-custom-0\" id=\"gspb_row-id-gsbp-42e17dd\"><div class=\"gspb_row__content\"> \n<div class=\"wp-block-greenshift-blocks-row-column gspb_row__col--6 gspb_row__col--md-6 gspb_col-id-gsbp-eafea0e\" id=\"gspb_col-id-gsbp-eafea0e\"><div class=\"ct-block-wrapper\">\n<div class=\"ct-contact-info-block \" style=\"--theme-icon-size:20px;--items-direction:column;--theme-icon-color:var(--wp--preset--color--palette-color-2);--background-color:rgba(218, 222, 228, 0.5);--background-hover-color:rgba(218, 222, 228, 0.7);\">\n\t\t<ul data-icons-type=\"rounded:outline\">\n\t\t\t\t\t\t\t\t\t\t\t<li class=\"\">\n\t\t\t\t\t<span class=\"ct-icon-container\"><svg aria-hidden=\"true\" width='15' height='15' viewBox='0 0 15 15'><path d='M7.5,0C4.05365,0,1.25,2.80365,1.25,6.25c0,4.65576,5.66223,8.4845,5.90332,8.64502.10498.07019.22583.10498.34668.10498s.2417-.03479.34668-.10498c.24109-.16052,5.90332-3.98926,5.90332-8.64502,0-3.44635-2.80396-6.25-6.25-6.25ZM7.5,13.60657c-1.18561-.87952-5-3.97339-5-7.35657C2.5,3.49304,4.74304,1.25,7.5,1.25s5,2.24304,5,5c0,3.38318-3.81409,6.47705-5,7.35657ZM7.5,3.75c-1.37848,0-2.5,1.12152-2.5,2.5,0,1.37878,1.12152,2.5,2.5,2.5,1.37878,0,2.5-1.12122,2.5-2.5,0-1.37848-1.12122-2.5-2.5-2.5ZM7.5,7.5c-.68939,0-1.25-.56061-1.25-1.25s.56061-1.25,1.25-1.25c.68909,0,1.25.56061,1.25,1.25s-.56091,1.25-1.25,1.25Z'\/><\/svg><\/span>\n\t\t\t\t\t\t\t\t\t\t\t<div class=\"contact-info\">\n\t\t\t\t\t\t\t\t\t\t\t\t\t\t\t<span class=\"contact-title\">\n\t\t\t\t\t\t\t\t\tAddress:\t\t\t\t\t\t\t\t<\/span>\n\t\t\t\t\t\t\t\n\t\t\t\t\t\t\t\t\t\t\t\t\t\t\t<span class=\"contact-text\">\n\t\t\t\t\t\t\t\t\t\n\t\t\t\t\t\t\t\t\tAc\u0131badem Mahallesi, G\u00f6me\u00e7 Sok. Akg\u00fcn \u0130\u015f Merkezi No:37 D:8, 34718 Kad\u0131k\u00f6y \/ \u0130stanbul\n\t\t\t\t\t\t\t\t\t\t\t\t\t\t\t\t\t<\/span>\n\t\t\t\t\t\t\t\t\t\t\t\t\t<\/div>\n\t\t\t\t\t\t\t\t\t<\/li>\n\t\t\t\t\t\t\t\t\t\t\t<li class=\"\">\n\t\t\t\t\t<span class=\"ct-icon-container\"><svg aria-hidden=\"true\" width='15' height='15' viewBox='0 0 15 15'><path d='M12.3 15h-.2c-2.1-.2-4.1-1-5.9-2.1-1.6-1-3.1-2.5-4.1-4.1C1 7 .2 5 0 2.9-.1 1.8.7.8 1.8.7H4c1 0 1.9.7 2 1.7.1.6.2 1.1.4 1.7.3.7.1 1.6-.5 2.1l-.4.4c.7 1.1 1.7 2.1 2.9 2.9l.4-.5c.6-.6 1.4-.7 2.1-.5.6.3 1.1.4 1.7.5 1 .1 1.8 1 1.7 2v2c0 .5-.2 1-.6 1.4-.3.4-.8.6-1.4.6zM4 2.1H2c-.2 0-.3.1-.4.2-.1.1-.1.3-.1.4.2 1.9.8 3.7 1.8 5.3.9 1.5 2.2 2.7 3.7 3.7 1.6 1 3.4 1.7 5.3 1.9.2 0 .3-.1.4-.2.1-.1.2-.2.2-.4v-2c0-.3-.2-.5-.5-.6-.7-.1-1.3-.3-2-.5-.2-.1-.4 0-.6.1l-.8.9c-.2.2-.6.3-.9.1C6.4 10 5 8.6 4 6.9c-.2-.3-.1-.7.1-.9l.8-.8c.2-.2.2-.4.1-.6-.2-.6-.4-1.3-.5-2 0-.3-.2-.5-.5-.5zm7.7 4.5c-.4 0-.7-.2-.7-.6-.2-1-1-1.8-2-2-.4 0-.7-.4-.6-.8.1-.4.5-.7.9-.6 1.6.3 2.8 1.5 3.1 3.1.1.4-.2.8-.6.9h-.1zm2.6 0c-.4 0-.7-.3-.7-.6-.3-2.4-2.2-4.3-4.6-4.5-.4-.1-.7-.5-.6-.9 0-.4.4-.6.8-.6 3.1.3 5.4 2.7 5.8 5.8 0 .4-.3.7-.7.8z'\/><\/svg><\/span>\n\t\t\t\t\t\t\t\t\t\t\t<div class=\"contact-info\">\n\t\t\t\t\t\t\t\t\t\t\t\t\t\t\t<span class=\"contact-title\">\n\t\t\t\t\t\t\t\t\tPhone:\t\t\t\t\t\t\t\t<\/span>\n\t\t\t\t\t\t\t\n\t\t\t\t\t\t\t\t\t\t\t\t\t\t\t<span class=\"contact-text\">\n\t\t\t\t\t\t\t\t\t\t\t\t\t\t\t\t\t\t\t<a href=\"tel:+902165454866\" >\n\t\t\t\t\t\t\t\t\t\n\t\t\t\t\t\t\t\t\t+90 (216) 545 48 66\n\t\t\t\t\t\t\t\t\t\t\t\t\t\t\t\t\t\t\t<\/a>\n\t\t\t\t\t\t\t\t\t\t\t\t\t\t\t\t\t<\/span>\n\t\t\t\t\t\t\t\t\t\t\t\t\t<\/div>\n\t\t\t\t\t\t\t\t\t<\/li>\n\t\t\t\t\t\t\t\t\t\t\t<li class=\"\">\n\t\t\t\t\t<span class=\"ct-icon-container\"><svg aria-hidden=\"true\" width='15' height='15' viewBox='0 0 15 15'><path d='M12.8 2.2C11.4.8 9.5 0 7.5 0S3.6.8 2.2 2.2C.8 3.6 0 5.5 0 7.5 0 11.6 3.4 15 7.5 15c1.6 0 3.3-.5 4.6-1.5.3-.2.4-.7.1-1-.2-.3-.7-.4-1-.1-1.1.8-2.4 1.3-3.7 1.3-3.4 0-6.1-2.8-6.1-6.1 0-1.6.6-3.2 1.8-4.3C4.3 2 5.9 1.4 7.5 1.4c1.6 0 3.2.6 4.3 1.8 1.2 1.2 1.8 2.7 1.8 4.3v.7c0 .8-.6 1.4-1.4 1.4s-1.4-.6-1.4-1.4V4.8c0-.4-.3-.7-.7-.7-.4 0-.7.3-.7.7-.4-.4-1.1-.7-1.9-.7-1.9 0-3.4 1.5-3.4 3.4s1.5 3.4 3.4 3.4c1 0 1.9-.5 2.5-1.2.5.7 1.3 1.2 2.2 1.2 1.5 0 2.7-1.2 2.7-2.7v-.7c.1-2-.7-3.9-2.1-5.3zM7.5 9.5c-1.1 0-2-.9-2-2s.9-2 2-2 2 .9 2 2-.9 2-2 2z'\/><\/svg><\/span>\n\t\t\t\t\t\t\t\t\t\t\t<div class=\"contact-info\">\n\t\t\t\t\t\t\t\t\t\t\t\t\t\t\t<span class=\"contact-title\">\n\t\t\t\t\t\t\t\t\tEmail:\t\t\t\t\t\t\t\t<\/span>\n\t\t\t\t\t\t\t\n\t\t\t\t\t\t\t\t\t\t\t\t\t\t\t<span class=\"contact-text\">\n\t\t\t\t\t\t\t\t\t\t\t\t\t\t\t\t\t\t\t<a href=\"mailto:&#098;i&#108;gi&#064;&#108;&#111;&#116;u&#115;g&#100;.c&#111;m\" >\n\t\t\t\t\t\t\t\t\t\n\t\t\t\t\t\t\t\t\tb&#105;lg&#105;&#64;&#108;&#111;&#116;usg&#100;&#46;co&#109;\n\t\t\t\t\t\t\t\t\t\t\t\t\t\t\t\t\t\t\t<\/a>\n\t\t\t\t\t\t\t\t\t\t\t\t\t\t\t\t\t<\/span>\n\t\t\t\t\t\t\t\t\t\t\t\t\t<\/div>\n\t\t\t\t\t\t\t\t\t<\/li>\n\t\t\t\t\t<\/ul>\n\n\t\t<\/div>\n<\/div><\/div>\n\n\n\n<div class=\"wp-block-greenshift-blocks-row-column gspb_row__col--6 gspb_row__col--md-12 gspb_col-id-gsbp-b2ff44d\" id=\"gspb_col-id-gsbp-b2ff44d\"><div class='fluentform ff-inherit-theme-style fluentform_wrapper_1  ff_guten_block ff_guten_block-1'><form data-form_id=\"1\" id=\"fluentform_1\" class=\"frm-fluent-form fluent_form_1 ff-el-form-top ff_form_instance_1_1 ff-form-loading ff_has_v3_recptcha ffs_inherit_theme\" data-form_instance=\"ff_form_instance_1_1\" method=\"POST\" data-recptcha_key=\"6LfyBqorAAAAAIm-3JVP85par53EcZg5u1gafnmv\" ><fieldset  style=\"border: none!important;margin: 0!important;padding: 0!important;background-color: transparent!important;box-shadow: none!important;outline: none!important; min-inline-size: 100%;\">\n                    <legend class=\"ff_screen_reader_title\" style=\"display: block; margin: 0!important;padding: 0!important;height: 0!important;text-indent: -999999px;width: 0!important;overflow:hidden;\">\u0130leti\u015fim Formu<\/legend><input type='hidden' name='__fluent_form_embded_post_id' value='3235' \/><input type=\"hidden\" id=\"_fluentform_1_fluentformnonce\" name=\"_fluentform_1_fluentformnonce\" value=\"e476d0a300\" \/><input type=\"hidden\" name=\"_wp_http_referer\" value=\"\/en\/wp-json\/wp\/v2\/pages\/3235\" \/><div data-name=\"ff_cn_id_1\"  class='ff-t-container ff-column-container ff_columns_total_1 '><div class='ff-t-cell ff-t-column-1' style='flex-basis: 100%;'><div data-type=\"name-element\" data-name=\"names\" class=\" ff-field_container ff-name-field-wrapper\" ><div class='ff-t-container'><div class='ff-t-cell '><div class='ff-el-group  ff-el-form-hide_label'><div class=\"ff-el-input--label asterisk-right\"><label for='ff_1_names_first_name_' id='label_ff_1_names_first_name_' >Name Surname<\/label><\/div><div class='ff-el-input--content'><input type=\"text\" name=\"names[first_name]\" id=\"ff_1_names_first_name_\" class=\"ff-el-form-control\" placeholder=\"Name Surname\" aria-invalid=\"false\" aria-required=false><\/div><\/div><\/div><\/div><\/div><\/div><\/div><div data-name=\"ff_cn_id_2\"  class='ff-t-container ff-column-container ff_columns_total_2 '><div class='ff-t-cell ff-t-column-1' style='flex-basis: 50%;'><div class='ff-el-group ff-el-form-hide_label'><div class=\"ff-el-input--label ff-el-is-required asterisk-right\"><label for='ff_1_email' id='label_ff_1_email' aria-label=\"email\">email<\/label><\/div><div class='ff-el-input--content'><input type=\"email\" name=\"email\" id=\"ff_1_email\" class=\"ff-el-form-control\" placeholder=\"Email\" data-name=\"email\"  aria-invalid=\"false\" aria-required=true><\/div><\/div><\/div><div class='ff-t-cell ff-t-column-2' style='flex-basis: 50%;'><div class='ff-el-group ff-el-form-hide_label'><div class=\"ff-el-input--label ff-el-is-required asterisk-right\"><label for='ff_1_input_text' id='label_ff_1_input_text' aria-label=\"Phone\">Phone<\/label><\/div><div class='ff-el-input--content'><input type=\"text\" name=\"input_text\" class=\"ff-el-form-control\" placeholder=\"Phone\" data-name=\"input_text\" id=\"ff_1_input_text\"  aria-invalid=\"false\" aria-required=true><\/div><\/div><\/div><\/div><div data-name=\"ff_cn_id_3\"  class='ff-t-container ff-column-container ff_columns_total_1 '><div class='ff-t-cell ff-t-column-1' style='flex-basis: 100%;'><div class='ff-el-group ff-el-form-hide_label'><div class=\"ff-el-input--label asterisk-right\"><label for='ff_1_subject' id='label_ff_1_subject' aria-label=\"Subject\">Subject<\/label><\/div><div class='ff-el-input--content'><input type=\"text\" name=\"subject\" class=\"ff-el-form-control\" placeholder=\"Subject\" data-name=\"subject\" id=\"ff_1_subject\"  aria-invalid=\"false\" aria-required=false><\/div><\/div><div class='ff-el-group ff-el-form-hide_label'><div class=\"ff-el-input--label asterisk-right\"><label for='ff_1_message' id='label_ff_1_message' aria-label=\"Message\">Message<\/label><\/div><div class='ff-el-input--content'><textarea aria-required=\"false\" aria-labelledby=\"label_ff_1_message\" name=\"message\" id=\"ff_1_message\" class=\"ff-el-form-control\" placeholder=\"Message\" rows=\"4\" cols=\"2\" data-name=\"message\" ><\/textarea><\/div><\/div><\/div><\/div><div class='ff-el-group ff-text-left ff_submit_btn_wrapper'><button type=\"submit\" class=\"ff-btn ff-btn-submit ff-btn-md ff_btn_no_style\"  aria-label=\"G\u00f6nder\">G\u00f6nder<\/button><\/div><\/fieldset><\/form><div id='fluentform_1_errors' class='ff-errors-in-stack ff_form_instance_1_1 ff-form-loading_errors ff_form_instance_1_1_errors'><\/div><\/div>            <script type=\"text\/javascript\">\n                window.fluent_form_ff_form_instance_1_1 = {\"id\":\"1\",\"settings\":{\"layout\":{\"labelPlacement\":\"top\",\"helpMessagePlacement\":\"with_label\",\"errorMessagePlacement\":\"inline\",\"cssClassName\":\"\",\"asteriskPlacement\":\"asterisk-right\"},\"restrictions\":{\"denyEmptySubmission\":{\"enabled\":false}}},\"form_instance\":\"ff_form_instance_1_1\",\"form_id_selector\":\"fluentform_1\",\"rules\":{\"names[first_name]\":{\"required\":{\"value\":false,\"message\":\"This field is required\",\"global\":false,\"global_message\":\"Bu alan gereklidir\"}},\"names[middle_name]\":{\"required\":{\"value\":false,\"message\":\"This field is required\",\"global\":false,\"global_message\":\"Bu alan gereklidir\"}},\"names[last_name]\":{\"required\":{\"value\":false,\"message\":\"This field is required\",\"global\":false,\"global_message\":\"Bu alan gereklidir\"}},\"email\":{\"required\":{\"value\":true,\"message\":\"Email is required.\",\"global\":false,\"global_message\":\"Bu alan gereklidir\"},\"email\":{\"value\":true,\"message\":\"Enter a valid email address.\",\"global\":false,\"global_message\":\"Bu alan ge\\u00e7erli bir e-posta i\\u00e7ermelidir\"}},\"input_text\":{\"required\":{\"value\":true,\"message\":\"This field is required\",\"global_message\":\"Bu alan gereklidir\",\"global\":false}},\"subject\":{\"required\":{\"value\":false,\"message\":\"This field is required\",\"global\":false,\"global_message\":\"Bu alan gereklidir\"}},\"message\":{\"required\":{\"value\":false,\"message\":\"This field is required\",\"global\":false,\"global_message\":\"Bu alan gereklidir\"}},\"g-recaptcha-response\":[]},\"debounce_time\":300};\n                            <\/script>\n            <\/div>\n <\/div><\/div>\n\n\n\n<div class=\"wp-block-greenshift-blocks-row gspb_row gspb_row-id-gsbp-04141b1\" id=\"gspb_row-id-gsbp-04141b1\"><div class=\"gspb_row__content\"> \n<div class=\"wp-block-greenshift-blocks-row-column gspb_row__col--12 gspb_col-id-gsbp-f69f976\" id=\"gspb_col-id-gsbp-f69f976\">\n<iframe src=\"https:\/\/www.google.com\/maps\/embed?pb=!1m18!1m12!1m3!1d3010.989369600762!2d29.036298375817324!3d41.003605871351155!2m3!1f0!2f0!3f0!3m2!1i1024!2i768!4f13.1!3m3!1m2!1s0x14cab80f47785a5b%3A0x22b80bc65a7854b7!2sLotus%20Gayrimenkul%20De%C4%9Ferleme%20Ve%20Dan%C4%B1%C5%9Fmanl%C4%B1k!5e0!3m2!1str!2str!4v1753887935645!5m2!1str!2str\" width=\"100%\" height=\"400\" style=\"border:0;\" allowfullscreen=\"\" loading=\"lazy\" referrerpolicy=\"no-referrer-when-downgrade\"><\/iframe>\n<\/div>\n <\/div><\/div>\n","protected":false},"excerpt":{"rendered":"","protected":false},"author":1,"featured_media":0,"parent":0,"menu_order":0,"comment_status":"closed","ping_status":"closed","template":"","meta":{"_gspb_post_css":"#gspb_heading-id-gsbp-2401950{font-size:50px;line-height:1.3em}@media (max-width:991.98px){#gspb_heading-id-gsbp-2401950{font-size:35px}}@media (max-width:575.98px){#gspb_heading-id-gsbp-2401950{font-size:30px}}@media (max-width:991.98px){#gspb_heading-id-gsbp-2401950,#gspb_heading-id-gsbp-2401950 .gsap-g-line{text-align:center!important}}#gspb_heading-id-gsbp-2401950{margin-top:250px;margin-bottom:60px}#gspb_row-id-gsbp-42e17dd{justify-content:space-between;margin-top:0;display:flex;flex-wrap:wrap;margin-bottom:120px}#gspb_row-id-gsbp-42e17dd>.gspb_row__content{display:flex;justify-content:space-between;margin:0 auto;width:100%;flex-wrap:wrap}.gspb_row{position:relative}div[id^=gspb_col-id]{box-sizing:border-box;position:relative;padding:var(--gs-row-column-padding, 15px min(3vw, 20px))}@media (max-width:991.98px){#gspb_row-id-gsbp-42e17dd>.gspb_row__content{row-gap:60px}}@media (max-width:991.98px){#gspb_row-id-gsbp-42e17dd{margin-bottom:80px}}@media (max-width:575.98px){#gspb_row-id-gsbp-42e17dd{margin-bottom:60px}}#gspb_col-id-gsbp-eafea0e.gspb_row__col--6{width:calc(50% - 15px)}@media (max-width:991.98px){#gspb_col-id-gsbp-eafea0e.gspb_row__col--6{width:calc(50% - 15px)}}@media (max-width:767.98px){#gspb_col-id-gsbp-eafea0e.gspb_row__col--6{width:calc(50% - 15px)}}@media (max-width:575.98px){#gspb_col-id-gsbp-eafea0e.gspb_row__col--6{width:100%}}.gspb_row #gspb_col-id-gsbp-b2ff44d.gspb_row__col--6,.gspb_row #gspb_col-id-gsbp-eafea0e.gspb_row__col--6{padding:0}#gspb_col-id-gsbp-b2ff44d.gspb_row__col--6{width:calc(50% - 15px)}@media (max-width:991.98px){#gspb_col-id-gsbp-b2ff44d.gspb_row__col--6{width:100%}}@media (max-width:767.98px){#gspb_col-id-gsbp-b2ff44d.gspb_row__col--6{width:calc(100% - 15px)}}@media (max-width:575.98px){#gspb_col-id-gsbp-b2ff44d.gspb_row__col--6{width:100%}}#gspb_row-id-gsbp-04141b1{justify-content:space-between;margin-top:0;margin-bottom:0;display:flex;flex-wrap:wrap}#gspb_row-id-gsbp-04141b1>.gspb_row__content{display:flex;justify-content:space-between;margin:0 auto;width:100%;flex-wrap:wrap}body.gspb-bodyfront #gspb_row-id-gsbp-04141b1>.gspb_row__content,body.gspb-bodyfront #gspb_row-id-gsbp-42e17dd>.gspb_row__content{width:var(--theme-container-width, 1200px);max-width:var(--theme-normal-container-max-width, 1200px)}#gspb_col-id-gsbp-f69f976.gspb_row__col--12{width:100%}@media (max-width:575.98px){#gspb_col-id-gsbp-f69f976.gspb_row__col--12{width:100%}}","footnotes":""},"class_list":["post-3235","page","type-page","status-publish","hentry"],"blocksy_meta":{"has_hero_section":"disabled","vertical_spacing_source":"custom","content_area_spacing":"none","styles_descriptor":{"styles":{"desktop":"","tablet":"","mobile":""},"google_fonts":[],"version":6}},"_links":{"self":[{"href":"https:\/\/lotusgd.com\/en\/wp-json\/wp\/v2\/pages\/3235","targetHints":{"allow":["GET"]}}],"collection":[{"href":"https:\/\/lotusgd.com\/en\/wp-json\/wp\/v2\/pages"}],"about":[{"href":"https:\/\/lotusgd.com\/en\/wp-json\/wp\/v2\/types\/page"}],"author":[{"embeddable":true,"href":"https:\/\/lotusgd.com\/en\/wp-json\/wp\/v2\/users\/1"}],"replies":[{"embeddable":true,"href":"https:\/\/lotusgd.com\/en\/wp-json\/wp\/v2\/comments?post=3235"}],"version-history":[{"count":5,"href":"https:\/\/lotusgd.com\/en\/wp-json\/wp\/v2\/pages\/3235\/revisions"}],"predecessor-version":[{"id":3386,"href":"https:\/\/lotusgd.com\/en\/wp-json\/wp\/v2\/pages\/3235\/revisions\/3386"}],"wp:attachment":[{"href":"https:\/\/lotusgd.com\/en\/wp-json\/wp\/v2\/media?parent=3235"}],"curies":[{"name":"wp","href":"https:\/\/api.w.org\/{rel}","templated":true}]}}